{"id":617,"date":"2024-07-12T00:02:21","date_gmt":"2024-07-11T22:02:21","guid":{"rendered":"https:\/\/beta.reparamiweb.com\/es\/?page_id=617"},"modified":"2024-07-15T16:29:35","modified_gmt":"2024-07-15T14:29:35","slug":"privacidad","status":"publish","type":"page","link":"https:\/\/reparamiweb.com\/es\/privacidad\/","title":{"rendered":"Pol\u00edtica de Privacidad"},"content":{"rendered":"<div id='av_section_1'  class='avia-section av-lyhtijlu-6adb876c79087153de8ddcdf9ee25ace main_color avia-section-large avia-no-border-styling  avia-builder-el-0  avia-builder-el-no-sibling  avia-bg-style-scroll container_wrap fullsize'  ><div class='container av-section-cont-open' ><main  role=\"main\" itemprop=\"mainContentOfPage\"  class='template-page content  av-content-full alpha units'><div class='post-entry post-entry-type-page post-entry-617'><div class='entry-content-wrapper clearfix'>\n<div class='flex_column av-75gz-59c1bbe85ffd9c362fae700fa212ab8a av_one_fifth  avia-builder-el-1  el_before_av_three_fifth  avia-builder-el-first  first flex_column_div '     ><\/div><div class='flex_column av-4u59-cd3e4d63d32f3542d15445128986fc28 av_three_fifth  avia-builder-el-2  el_after_av_one_fifth  el_before_av_one_fifth  flex_column_div '     ><p>\n<style type=\"text\/css\" data-created_by=\"avia_inline_auto\" id=\"style-css-av-leg19bn2-213acbbd51d09d4cc9eee516df42f00c\">\n#top .av-special-heading.av-leg19bn2-213acbbd51d09d4cc9eee516df42f00c{\npadding-bottom:10px;\nfont-size:60px;\n}\nbody .av-special-heading.av-leg19bn2-213acbbd51d09d4cc9eee516df42f00c .av-special-heading-tag .heading-char{\nfont-size:25px;\n}\n#top #wrap_all .av-special-heading.av-leg19bn2-213acbbd51d09d4cc9eee516df42f00c .av-special-heading-tag{\nfont-size:60px;\n}\n.av-special-heading.av-leg19bn2-213acbbd51d09d4cc9eee516df42f00c .av-subheading{\nfont-size:15px;\n}\n\n@media only screen and (min-width: 480px) and (max-width: 767px){ \n#top #wrap_all .av-special-heading.av-leg19bn2-213acbbd51d09d4cc9eee516df42f00c .av-special-heading-tag{\nfont-size:0.8em;\n}\n}\n\n@media only screen and (max-width: 479px){ \n#top #wrap_all .av-special-heading.av-leg19bn2-213acbbd51d09d4cc9eee516df42f00c .av-special-heading-tag{\nfont-size:0.8em;\n}\n}\n<\/style>\n<div  class='av-special-heading av-leg19bn2-213acbbd51d09d4cc9eee516df42f00c av-special-heading-h1 blockquote modern-quote modern-centered  avia-builder-el-3  el_before_av_textblock  avia-builder-el-first  av-inherit-size'><h1 class='av-special-heading-tag'  itemprop=\"headline\"  >Pol\u00edtica de privacidad<\/h1><div class='av-subheading av-subheading_below'><p>\u00daltima actualizaci\u00f3n:\u00a0 20 de febrero de 2023<\/p>\n<\/div><div class=\"special-heading-border\"><div class=\"special-heading-inner-border\"><\/div><\/div><\/div><br \/>\n<section  class='av_textblock_section av-leg1b037-d2f3cd3b88b097d159325e6c7cc3eb61'  itemscope=\"itemscope\" itemtype=\"https:\/\/schema.org\/CreativeWork\" ><div class='avia_textblock'  itemprop=\"text\" ><p>Esta Pol\u00edtica de Privacidad describe nuestras pol\u00edticas sobre la recopilaci\u00f3n, uso y divulgaci\u00f3n de tu informaci\u00f3n cuando utilizas nuestros servicios en el sitio web ReparaMiWeb.com y te informa sobre tus derechos de privacidad y c\u00f3mo te protege la ley.<\/p>\n<p>Usamos tus datos personales para proporcionar y mejorar nuestro servicio. Al usar nuestro sitio web, aceptas la recopilaci\u00f3n y el uso de informaci\u00f3n de acuerdo con esta Pol\u00edtica de privacidad.<\/p>\n<\/div><\/section><br \/>\n\n<style type=\"text\/css\" data-created_by=\"avia_inline_auto\" id=\"style-css-av-leg1bcrx-f4ce97236332a4ea090e862e0a84d465\">\n#top .av-special-heading.av-leg1bcrx-f4ce97236332a4ea090e862e0a84d465{\npadding-bottom:0;\n}\nbody .av-special-heading.av-leg1bcrx-f4ce97236332a4ea090e862e0a84d465 .av-special-heading-tag .heading-char{\nfont-size:25px;\n}\n.av-special-heading.av-leg1bcrx-f4ce97236332a4ea090e862e0a84d465 .av-subheading{\nfont-size:15px;\n}\n<\/style>\n<div  class='av-special-heading av-leg1bcrx-f4ce97236332a4ea090e862e0a84d465 av-special-heading-h2 blockquote modern-quote  avia-builder-el-5  el_after_av_textblock  el_before_av_heading '><h2 class='av-special-heading-tag'  itemprop=\"headline\"  >Recopilaci\u00f3n y uso de tus datos personales<\/h2><div class=\"special-heading-border\"><div class=\"special-heading-inner-border\"><\/div><\/div><\/div><br \/>\n\n<style type=\"text\/css\" data-created_by=\"avia_inline_auto\" id=\"style-css-av-leg1cd56-a978c31fb672460022b0cbb1a5197a7d\">\n#top .av-special-heading.av-leg1cd56-a978c31fb672460022b0cbb1a5197a7d{\nmargin:30px 0 0 0;\npadding-bottom:0;\n}\nbody .av-special-heading.av-leg1cd56-a978c31fb672460022b0cbb1a5197a7d .av-special-heading-tag .heading-char{\nfont-size:25px;\n}\n.av-special-heading.av-leg1cd56-a978c31fb672460022b0cbb1a5197a7d .av-subheading{\nfont-size:15px;\n}\n<\/style>\n<div  class='av-special-heading av-leg1cd56-a978c31fb672460022b0cbb1a5197a7d av-special-heading-h3 blockquote modern-quote  avia-builder-el-6  el_after_av_heading  el_before_av_heading '><h3 class='av-special-heading-tag'  itemprop=\"headline\"  >Tipos de datos recopilados<\/h3><div class=\"special-heading-border\"><div class=\"special-heading-inner-border\"><\/div><\/div><\/div><br \/>\n\n<style type=\"text\/css\" data-created_by=\"avia_inline_auto\" id=\"style-css-av-leg1d46q-a3f35668b4b4a8baba60e75a959f72a5\">\n#top .av-special-heading.av-leg1d46q-a3f35668b4b4a8baba60e75a959f72a5{\nmargin:30px 0 0 0;\npadding-bottom:0;\n}\nbody .av-special-heading.av-leg1d46q-a3f35668b4b4a8baba60e75a959f72a5 .av-special-heading-tag .heading-char{\nfont-size:25px;\n}\n.av-special-heading.av-leg1d46q-a3f35668b4b4a8baba60e75a959f72a5 .av-subheading{\nfont-size:15px;\n}\n<\/style>\n<div  class='av-special-heading av-leg1d46q-a3f35668b4b4a8baba60e75a959f72a5 av-special-heading-h4 blockquote modern-quote  avia-builder-el-7  el_after_av_heading  el_before_av_textblock '><h4 class='av-special-heading-tag'  itemprop=\"headline\"  >Informaci\u00f3n personal<\/h4><div class=\"special-heading-border\"><div class=\"special-heading-inner-border\"><\/div><\/div><\/div><br \/>\n<section  class='av_textblock_section av-leg1e2zk-ffbaf6291c65575f33a94183ecce9ced'  itemscope=\"itemscope\" itemtype=\"https:\/\/schema.org\/CreativeWork\" ><div class='avia_textblock'  itemprop=\"text\" ><p>Cuando usas nuestro sitio web, podremos pedirte cierta informaci\u00f3n de identificaci\u00f3n personal, la cual usamos para contactarte e identificarte. La informaci\u00f3n de identificaci\u00f3n personal puede incluir, entre otros:<\/p>\n<p>Direcci\u00f3n de correo electr\u00f3nico<br \/>\nNombre y apellido<br \/>\nN\u00famero de tel\u00e9fono<br \/>\nDetalles de pago, en forma de tokens usado por la pasarela de pagos. No almacenamos n\u00fameros de tarjetas ni datos bancarios como parte de nuestro sistema de pago.<br \/>\nDatos para el funcionamiento del sitio.<\/p>\n<\/div><\/section><br \/>\n\n<style type=\"text\/css\" data-created_by=\"avia_inline_auto\" id=\"style-css-av-leg1eo6j-3f45247459dcdaa745c38fcaa5936c23\">\n#top .av-special-heading.av-leg1eo6j-3f45247459dcdaa745c38fcaa5936c23{\nmargin:30px 0 0 0;\npadding-bottom:0;\n}\nbody .av-special-heading.av-leg1eo6j-3f45247459dcdaa745c38fcaa5936c23 .av-special-heading-tag .heading-char{\nfont-size:25px;\n}\n.av-special-heading.av-leg1eo6j-3f45247459dcdaa745c38fcaa5936c23 .av-subheading{\nfont-size:15px;\n}\n<\/style>\n<div  class='av-special-heading av-leg1eo6j-3f45247459dcdaa745c38fcaa5936c23 av-special-heading-h4 blockquote modern-quote  avia-builder-el-9  el_after_av_textblock  el_before_av_textblock '><h4 class='av-special-heading-tag'  itemprop=\"headline\"  >Datos para el funcionamiento del sitio<\/h4><div class=\"special-heading-border\"><div class=\"special-heading-inner-border\"><\/div><\/div><\/div><br \/>\n<section  class='av_textblock_section av-leg1f8o0-c812dbf961fc7d61d7f1ba1e2277457e'  itemscope=\"itemscope\" itemtype=\"https:\/\/schema.org\/CreativeWork\" ><div class='avia_textblock'  itemprop=\"text\" ><p>Los datos para el funcionamiento del sitio se recopilan autom\u00e1ticamente cuando se utiliza el sitio y pueden incluir informaci\u00f3n como la direcci\u00f3n del protocolo de Internet de tu dispositivo (por ejemplo, la direcci\u00f3n IP), el tipo de navegador, la versi\u00f3n del navegador, las p\u00e1ginas de nuestro sitio que visitas, la hora y la fecha de tu visita, el tiempo que pasas en esas p\u00e1ginas y otros datos de diagn\u00f3stico.<\/p>\n<\/div><\/section><br \/>\n\n<style type=\"text\/css\" data-created_by=\"avia_inline_auto\" id=\"style-css-av-leg1fn8k-a01d79018d2cb351edb3c3e3aaa1b249\">\n#top .av-special-heading.av-leg1fn8k-a01d79018d2cb351edb3c3e3aaa1b249{\nmargin:30px 0 0 0;\npadding-bottom:0;\n}\nbody .av-special-heading.av-leg1fn8k-a01d79018d2cb351edb3c3e3aaa1b249 .av-special-heading-tag .heading-char{\nfont-size:25px;\n}\n.av-special-heading.av-leg1fn8k-a01d79018d2cb351edb3c3e3aaa1b249 .av-subheading{\nfont-size:15px;\n}\n<\/style>\n<div  class='av-special-heading av-leg1fn8k-a01d79018d2cb351edb3c3e3aaa1b249 av-special-heading-h4 blockquote modern-quote  avia-builder-el-11  el_after_av_textblock  el_before_av_textblock '><h4 class='av-special-heading-tag'  itemprop=\"headline\"  >Seguimiento y cookies<\/h4><div class=\"special-heading-border\"><div class=\"special-heading-inner-border\"><\/div><\/div><\/div><br \/>\n<section  class='av_textblock_section av-leg1h1b1-e405cc19ae852cdf47c4c38a1a11b514'  itemscope=\"itemscope\" itemtype=\"https:\/\/schema.org\/CreativeWork\" ><div class='avia_textblock'  itemprop=\"text\" ><p>Usamos Cookies y tecnolog\u00edas de seguimiento similares para rastrear la actividad en nuestro sitio y almacenar cierta informaci\u00f3n. Ver nuestra <a href=\"#cookies\">pol\u00edtica de Cookies<\/a>.<\/p>\n<\/div><\/section><br \/>\n\n<style type=\"text\/css\" data-created_by=\"avia_inline_auto\" id=\"style-css-av-leg1m3g9-da8cd5ffe8f7e4d3dd673a5ca4e4ea45\">\n#top .av-special-heading.av-leg1m3g9-da8cd5ffe8f7e4d3dd673a5ca4e4ea45{\npadding-bottom:0;\n}\nbody .av-special-heading.av-leg1m3g9-da8cd5ffe8f7e4d3dd673a5ca4e4ea45 .av-special-heading-tag .heading-char{\nfont-size:25px;\n}\n.av-special-heading.av-leg1m3g9-da8cd5ffe8f7e4d3dd673a5ca4e4ea45 .av-subheading{\nfont-size:15px;\n}\n<\/style>\n<div  class='av-special-heading av-leg1m3g9-da8cd5ffe8f7e4d3dd673a5ca4e4ea45 av-special-heading-h2 blockquote modern-quote  avia-builder-el-13  el_after_av_textblock  el_before_av_textblock '><h2 class='av-special-heading-tag'  itemprop=\"headline\"  >Uso de tus datos personales<\/h2><div class=\"special-heading-border\"><div class=\"special-heading-inner-border\"><\/div><\/div><\/div><br \/>\n<section  class='av_textblock_section av-leg1mj0c-f78156905a023b6d44e37d85b509ee5a'  itemscope=\"itemscope\" itemtype=\"https:\/\/schema.org\/CreativeWork\" ><div class='avia_textblock'  itemprop=\"text\" ><p>Utilizamos tus datos personales para los siguientes prop\u00f3sitos:<\/p>\n<p>Para el desarrollo, cumplimiento y realizaci\u00f3n del contrato de compra de servicios que hayas adquirido con nosotros a trav\u00e9s de nuestro sitio web.<\/p>\n<p>Para contactarte por correo electr\u00f3nico, llamadas telef\u00f3nicas, SMS u otras formas equivalentes de comunicaci\u00f3n electr\u00f3nica en referencia a los servicios contratados.<\/p>\n<p>Para atender y gestionar tus solicitudes.<\/p>\n<p>Para brindarte noticias, ofertas especiales e informaci\u00f3n general sobre otros servicios y eventos que ofrecemos a trav\u00e9s de nuestras newsletters, a menos que hayas optado por no recibir dicha informaci\u00f3n.<\/p>\n<p>Para monitorear el uso, evaluar y mejorar nuestro sitio, los servicios prestados y la experiencia de usuario y para evaluar el \u00e9xito de nuestras campa\u00f1as publicitarias y de marketing.<\/p>\n<\/div><\/section><br \/>\n\n<style type=\"text\/css\" data-created_by=\"avia_inline_auto\" id=\"style-css-av-leg1y7x2-e8a48e2757503e62b4376caa9d0f5c78\">\n#top .av-special-heading.av-leg1y7x2-e8a48e2757503e62b4376caa9d0f5c78{\npadding-bottom:0;\n}\nbody .av-special-heading.av-leg1y7x2-e8a48e2757503e62b4376caa9d0f5c78 .av-special-heading-tag .heading-char{\nfont-size:25px;\n}\n.av-special-heading.av-leg1y7x2-e8a48e2757503e62b4376caa9d0f5c78 .av-subheading{\nfont-size:15px;\n}\n<\/style>\n<div  class='av-special-heading av-leg1y7x2-e8a48e2757503e62b4376caa9d0f5c78 av-special-heading-h2 blockquote modern-quote  avia-builder-el-15  el_after_av_textblock  el_before_av_textblock '><h2 class='av-special-heading-tag'  itemprop=\"headline\"  >Enlaces a otros sitios web<\/h2><div class=\"special-heading-border\"><div class=\"special-heading-inner-border\"><\/div><\/div><\/div><br \/>\n<section  class='av_textblock_section av-leg1ynrb-f9e25497dc30b2cc491b252709ab98a0'  itemscope=\"itemscope\" itemtype=\"https:\/\/schema.org\/CreativeWork\" ><div class='avia_textblock'  itemprop=\"text\" ><p>Nuestro sitio web puede contener enlaces a otros sitios web que no son de nuestra propiedad ni est\u00e1n controlados por nosotros. Ten en cuenta que no somos responsables de dichos sitios web ni de las pr\u00e1cticas de privacidad de terceros.<\/p>\n<\/div><\/section><br \/>\n\n<style type=\"text\/css\" data-created_by=\"avia_inline_auto\" id=\"style-css-av-leg1zdw5-ad183bf368f40a92a3612998f8e48e83\">\n#top .av-special-heading.av-leg1zdw5-ad183bf368f40a92a3612998f8e48e83{\npadding-bottom:0;\n}\nbody .av-special-heading.av-leg1zdw5-ad183bf368f40a92a3612998f8e48e83 .av-special-heading-tag .heading-char{\nfont-size:25px;\n}\n.av-special-heading.av-leg1zdw5-ad183bf368f40a92a3612998f8e48e83 .av-subheading{\nfont-size:15px;\n}\n<\/style>\n<div  class='av-special-heading av-leg1zdw5-ad183bf368f40a92a3612998f8e48e83 av-special-heading-h2 blockquote modern-quote  avia-builder-el-17  el_after_av_textblock  el_before_av_textblock '><h2 class='av-special-heading-tag'  itemprop=\"headline\"  >Seguridad de la informaci\u00f3n<\/h2><div class=\"special-heading-border\"><div class=\"special-heading-inner-border\"><\/div><\/div><\/div><br \/>\n<section  class='av_textblock_section av-leg1zop2-2aeb5c4be0d4c76e462027e0e7d58dce'  itemscope=\"itemscope\" itemtype=\"https:\/\/schema.org\/CreativeWork\" ><div class='avia_textblock'  itemprop=\"text\" ><p>Tomamos las medidas de seguridad t\u00e9cnicas y administrativas necesarias proteger tus datos de manipulaci\u00f3n accidental o intencional o el acceso no autorizado de terceros a los datos personales. Nuestras medidas de seguridad son mejoradas constantemente, en l\u00ednea con los avances tecnol\u00f3gicos.<\/p>\n<\/div><\/section><br \/>\n\n<style type=\"text\/css\" data-created_by=\"avia_inline_auto\" id=\"style-css-av-leg2038d-8b98069e8e23623e189118ed1e80d8a9\">\n#top .av-special-heading.av-leg2038d-8b98069e8e23623e189118ed1e80d8a9{\npadding-bottom:0;\n}\nbody .av-special-heading.av-leg2038d-8b98069e8e23623e189118ed1e80d8a9 .av-special-heading-tag .heading-char{\nfont-size:25px;\n}\n.av-special-heading.av-leg2038d-8b98069e8e23623e189118ed1e80d8a9 .av-subheading{\nfont-size:15px;\n}\n<\/style>\n<div  class='av-special-heading av-leg2038d-8b98069e8e23623e189118ed1e80d8a9 av-special-heading-h2 blockquote modern-quote  avia-builder-el-19  el_after_av_textblock  el_before_av_textblock '><h2 class='av-special-heading-tag'  itemprop=\"headline\"  >Retenci\u00f3n de tus datos personales<\/h2><div class=\"special-heading-border\"><div class=\"special-heading-inner-border\"><\/div><\/div><\/div><br \/>\n<section  class='av_textblock_section av-leg20h4v-c28dfb542786589723140bd0a630e7b7'  itemscope=\"itemscope\" itemtype=\"https:\/\/schema.org\/CreativeWork\" ><div class='avia_textblock'  itemprop=\"text\" ><p>Conservamos tus datos personales solo durante el tiempo que sea necesario para los fines establecidos en esta Pol\u00edtica de privacidad.<\/p>\n<\/div><\/section><br \/>\n\n<style type=\"text\/css\" data-created_by=\"avia_inline_auto\" id=\"style-css-av-leg21ci8-661799124773a052aed8ab547d991aea\">\n#top .av-special-heading.av-leg21ci8-661799124773a052aed8ab547d991aea{\npadding-bottom:0;\n}\nbody .av-special-heading.av-leg21ci8-661799124773a052aed8ab547d991aea .av-special-heading-tag .heading-char{\nfont-size:25px;\n}\n.av-special-heading.av-leg21ci8-661799124773a052aed8ab547d991aea .av-subheading{\nfont-size:15px;\n}\n<\/style>\n<div  class='av-special-heading av-leg21ci8-661799124773a052aed8ab547d991aea av-special-heading-h2 blockquote modern-quote  avia-builder-el-21  el_after_av_textblock  el_before_av_textblock '><h2 class='av-special-heading-tag'  itemprop=\"headline\"  >Tus derechos<\/h2><div class=\"special-heading-border\"><div class=\"special-heading-inner-border\"><\/div><\/div><\/div><br \/>\n<section  class='av_textblock_section av-leg21rf1-b2962035544e24c1f3e7578e75886ed4'  itemscope=\"itemscope\" itemtype=\"https:\/\/schema.org\/CreativeWork\" ><div class='avia_textblock'  itemprop=\"text\" ><p>Tienes derecho a:<\/p>\n<ul>\n<li>acceder y solicitar confirmaci\u00f3n del tipo de datos personales que recolectamos,<\/li>\n<li>a solicitar que rectifiquemos o actualicemos tus datos personales,<\/li>\n<li>a solicitar que borremos tus datos personales y a<\/li>\n<li>retirar el consentimiento y optar por no recibir comunicaciones de marketing directo a trav\u00e9s de nuestras newsletters.<\/li>\n<\/ul>\n<\/div><\/section><br \/>\n\n<style type=\"text\/css\" data-created_by=\"avia_inline_auto\" id=\"style-css-av-leg229aa-b014ee40d073a56f7d73a21fda4e05fd\">\n#top .av-special-heading.av-leg229aa-b014ee40d073a56f7d73a21fda4e05fd{\npadding-bottom:0;\n}\nbody .av-special-heading.av-leg229aa-b014ee40d073a56f7d73a21fda4e05fd .av-special-heading-tag .heading-char{\nfont-size:25px;\n}\n.av-special-heading.av-leg229aa-b014ee40d073a56f7d73a21fda4e05fd .av-subheading{\nfont-size:15px;\n}\n<\/style>\n<div  class='av-special-heading av-leg229aa-b014ee40d073a56f7d73a21fda4e05fd av-special-heading-h2 blockquote modern-quote  avia-builder-el-23  el_after_av_textblock  el_before_av_textblock '><h2 class='av-special-heading-tag'  itemprop=\"headline\"  >Cambios a esta pol\u00edtica de privacidad<\/h2><div class=\"special-heading-border\"><div class=\"special-heading-inner-border\"><\/div><\/div><\/div><br \/>\n<section  class='av_textblock_section av-leg22n7c-51b5731e87d4ee5ecf42ef495277e104'  itemscope=\"itemscope\" itemtype=\"https:\/\/schema.org\/CreativeWork\" ><div class='avia_textblock'  itemprop=\"text\" ><p>Podemos actualizar esta pol\u00edtica de privacidad peri\u00f3dicamente para reflejar, por ejemplo, cambios en nuestras pr\u00e1cticas o por otros motivos operativos, legales o reglamentarios.<\/p>\n<\/div><\/section><br \/>\n\n<style type=\"text\/css\" data-created_by=\"avia_inline_auto\" id=\"style-css-av-leg23a50-3ad90e05100ae70b7102950347c93af9\">\n#top .av-special-heading.av-leg23a50-3ad90e05100ae70b7102950347c93af9{\npadding-bottom:0;\n}\nbody .av-special-heading.av-leg23a50-3ad90e05100ae70b7102950347c93af9 .av-special-heading-tag .heading-char{\nfont-size:25px;\n}\n.av-special-heading.av-leg23a50-3ad90e05100ae70b7102950347c93af9 .av-subheading{\nfont-size:15px;\n}\n<\/style>\n<div  class='av-special-heading av-leg23a50-3ad90e05100ae70b7102950347c93af9 av-special-heading-h2 blockquote modern-quote  avia-builder-el-25  el_after_av_textblock  el_before_av_textblock '><h2 class='av-special-heading-tag'  itemprop=\"headline\"  >C\u00f3mo contactarnos<\/h2><div class=\"special-heading-border\"><div class=\"special-heading-inner-border\"><\/div><\/div><\/div><br \/>\n<section  class='av_textblock_section av-leg02m1b-93fcc1e0375da956dcac883460e76886'  itemscope=\"itemscope\" itemtype=\"https:\/\/schema.org\/CreativeWork\" ><div class='avia_textblock'  itemprop=\"text\" ><h2><\/h2>\n<h3><\/h3>\n<h4><\/h4>\n<h4><\/h4>\n<h3><\/h3>\n<h2><\/h2>\n<h2><\/h2>\n<h2><\/h2>\n<h2><\/h2>\n<h2><\/h2>\n<h2><\/h2>\n<p>Para obtener m\u00e1s informaci\u00f3n sobre nuestras pr\u00e1cticas de privacidad, si tienes alguna pregunta o si deseas presentar una queja, puedes contactarnos por correo electr\u00f3nico a info@reparamiweb.com.<\/p>\n<\/div><\/section><\/p><\/div><div class='flex_column av-3zgj-495d5757c7ee059e72af6e3f3547b84d av_one_fifth  avia-builder-el-27  el_after_av_three_fifth  avia-builder-el-last  flex_column_div '     ><\/div>\n","protected":false},"excerpt":{"rendered":"","protected":false},"author":1,"featured_media":0,"parent":0,"menu_order":0,"comment_status":"closed","ping_status":"closed","template":"","meta":{"footnotes":""},"class_list":["post-617","page","type-page","status-publish","hentry"],"yoast_head":"<!-- This site is optimized with the Yoast SEO plugin v27.0 - https:\/\/yoast.com\/product\/yoast-seo-wordpress\/ -->\n<title>Pol\u00edtica de Privacidad - ReparaMiWeb Espa\u00f1a<\/title>\n<meta name=\"robots\" content=\"index, follow, max-snippet:-1, max-image-preview:large, max-video-preview:-1\" \/>\n<link rel=\"canonical\" href=\"https:\/\/reparamiweb.com\/es\/privacidad\/\" \/>\n<meta property=\"og:locale\" content=\"es_ES\" \/>\n<meta property=\"og:type\" content=\"article\" \/>\n<meta property=\"og:title\" content=\"Pol\u00edtica de Privacidad - ReparaMiWeb Espa\u00f1a\" \/>\n<meta property=\"og:url\" content=\"https:\/\/reparamiweb.com\/es\/privacidad\/\" \/>\n<meta property=\"og:site_name\" content=\"ReparaMiWeb Espa\u00f1a\" \/>\n<meta property=\"article:modified_time\" content=\"2024-07-15T14:29:35+00:00\" \/>\n<meta property=\"og:image\" content=\"https:\/\/reparamiweb.com\/es\/wp-content\/uploads\/sites\/9\/2024\/07\/og-1.jpg\" \/>\n\t<meta property=\"og:image:width\" content=\"1200\" \/>\n\t<meta property=\"og:image:height\" content=\"630\" \/>\n\t<meta property=\"og:image:type\" content=\"image\/jpeg\" \/>\n<meta name=\"twitter:card\" content=\"summary_large_image\" \/>\n<meta name=\"twitter:label1\" content=\"Tiempo de lectura\" \/>\n\t<meta name=\"twitter:data1\" content=\"25 minutos\" \/>\n<script type=\"application\/ld+json\" class=\"yoast-schema-graph\">{\"@context\":\"https:\/\/schema.org\",\"@graph\":[{\"@type\":\"WebPage\",\"@id\":\"https:\/\/reparamiweb.com\/es\/privacidad\/\",\"url\":\"https:\/\/reparamiweb.com\/es\/privacidad\/\",\"name\":\"Pol\u00edtica de Privacidad - ReparaMiWeb Espa\u00f1a\",\"isPartOf\":{\"@id\":\"https:\/\/reparamiweb.com\/es\/#website\"},\"datePublished\":\"2024-07-11T22:02:21+00:00\",\"dateModified\":\"2024-07-15T14:29:35+00:00\",\"breadcrumb\":{\"@id\":\"https:\/\/reparamiweb.com\/es\/privacidad\/#breadcrumb\"},\"inLanguage\":\"es\",\"potentialAction\":[{\"@type\":\"ReadAction\",\"target\":[\"https:\/\/reparamiweb.com\/es\/privacidad\/\"]}]},{\"@type\":\"BreadcrumbList\",\"@id\":\"https:\/\/reparamiweb.com\/es\/privacidad\/#breadcrumb\",\"itemListElement\":[{\"@type\":\"ListItem\",\"position\":1,\"name\":\"Portada\",\"item\":\"https:\/\/reparamiweb.com\/es\/home\/\"},{\"@type\":\"ListItem\",\"position\":2,\"name\":\"Pol\u00edtica de Privacidad\"}]},{\"@type\":\"WebSite\",\"@id\":\"https:\/\/reparamiweb.com\/es\/#website\",\"url\":\"https:\/\/reparamiweb.com\/es\/\",\"name\":\"ReparaMiWeb Colombia\",\"description\":\"Soporte t\u00e9cnico para WordPress en Espa\u00f1a\",\"publisher\":{\"@id\":\"https:\/\/reparamiweb.com\/es\/#organization\"},\"potentialAction\":[{\"@type\":\"SearchAction\",\"target\":{\"@type\":\"EntryPoint\",\"urlTemplate\":\"https:\/\/reparamiweb.com\/es\/?s={search_term_string}\"},\"query-input\":{\"@type\":\"PropertyValueSpecification\",\"valueRequired\":true,\"valueName\":\"search_term_string\"}}],\"inLanguage\":\"es\"},{\"@type\":\"Organization\",\"@id\":\"https:\/\/reparamiweb.com\/es\/#organization\",\"name\":\"ReparaMiWeb Espa\u00f1a\",\"url\":\"https:\/\/reparamiweb.com\/es\/\",\"logo\":{\"@type\":\"ImageObject\",\"inLanguage\":\"es\",\"@id\":\"https:\/\/reparamiweb.com\/es\/#\/schema\/logo\/image\/\",\"url\":\"https:\/\/reparamiweb.com\/es\/wp-content\/uploads\/sites\/9\/2024\/07\/logo-rmw-1.png\",\"contentUrl\":\"https:\/\/reparamiweb.com\/es\/wp-content\/uploads\/sites\/9\/2024\/07\/logo-rmw-1.png\",\"width\":1800,\"height\":215,\"caption\":\"ReparaMiWeb Espa\u00f1a\"},\"image\":{\"@id\":\"https:\/\/reparamiweb.com\/es\/#\/schema\/logo\/image\/\"}}]}<\/script>\n<!-- \/ Yoast SEO plugin. -->","yoast_head_json":{"title":"Pol\u00edtica de Privacidad - ReparaMiWeb Espa\u00f1a","robots":{"index":"index","follow":"follow","max-snippet":"max-snippet:-1","max-image-preview":"max-image-preview:large","max-video-preview":"max-video-preview:-1"},"canonical":"https:\/\/reparamiweb.com\/es\/privacidad\/","og_locale":"es_ES","og_type":"article","og_title":"Pol\u00edtica de Privacidad - ReparaMiWeb Espa\u00f1a","og_url":"https:\/\/reparamiweb.com\/es\/privacidad\/","og_site_name":"ReparaMiWeb Espa\u00f1a","article_modified_time":"2024-07-15T14:29:35+00:00","og_image":[{"width":1200,"height":630,"url":"https:\/\/reparamiweb.com\/es\/wp-content\/uploads\/sites\/9\/2024\/07\/og-1.jpg","type":"image\/jpeg"}],"twitter_card":"summary_large_image","twitter_misc":{"Tiempo de lectura":"25 minutos"},"schema":{"@context":"https:\/\/schema.org","@graph":[{"@type":"WebPage","@id":"https:\/\/reparamiweb.com\/es\/privacidad\/","url":"https:\/\/reparamiweb.com\/es\/privacidad\/","name":"Pol\u00edtica de Privacidad - ReparaMiWeb Espa\u00f1a","isPartOf":{"@id":"https:\/\/reparamiweb.com\/es\/#website"},"datePublished":"2024-07-11T22:02:21+00:00","dateModified":"2024-07-15T14:29:35+00:00","breadcrumb":{"@id":"https:\/\/reparamiweb.com\/es\/privacidad\/#breadcrumb"},"inLanguage":"es","potentialAction":[{"@type":"ReadAction","target":["https:\/\/reparamiweb.com\/es\/privacidad\/"]}]},{"@type":"BreadcrumbList","@id":"https:\/\/reparamiweb.com\/es\/privacidad\/#breadcrumb","itemListElement":[{"@type":"ListItem","position":1,"name":"Portada","item":"https:\/\/reparamiweb.com\/es\/home\/"},{"@type":"ListItem","position":2,"name":"Pol\u00edtica de Privacidad"}]},{"@type":"WebSite","@id":"https:\/\/reparamiweb.com\/es\/#website","url":"https:\/\/reparamiweb.com\/es\/","name":"ReparaMiWeb Colombia","description":"Soporte t\u00e9cnico para WordPress en Espa\u00f1a","publisher":{"@id":"https:\/\/reparamiweb.com\/es\/#organization"},"potentialAction":[{"@type":"SearchAction","target":{"@type":"EntryPoint","urlTemplate":"https:\/\/reparamiweb.com\/es\/?s={search_term_string}"},"query-input":{"@type":"PropertyValueSpecification","valueRequired":true,"valueName":"search_term_string"}}],"inLanguage":"es"},{"@type":"Organization","@id":"https:\/\/reparamiweb.com\/es\/#organization","name":"ReparaMiWeb Espa\u00f1a","url":"https:\/\/reparamiweb.com\/es\/","logo":{"@type":"ImageObject","inLanguage":"es","@id":"https:\/\/reparamiweb.com\/es\/#\/schema\/logo\/image\/","url":"https:\/\/reparamiweb.com\/es\/wp-content\/uploads\/sites\/9\/2024\/07\/logo-rmw-1.png","contentUrl":"https:\/\/reparamiweb.com\/es\/wp-content\/uploads\/sites\/9\/2024\/07\/logo-rmw-1.png","width":1800,"height":215,"caption":"ReparaMiWeb Espa\u00f1a"},"image":{"@id":"https:\/\/reparamiweb.com\/es\/#\/schema\/logo\/image\/"}}]}},"_links":{"self":[{"href":"https:\/\/reparamiweb.com\/es\/wp-json\/wp\/v2\/pages\/617","targetHints":{"allow":["GET"]}}],"collection":[{"href":"https:\/\/reparamiweb.com\/es\/wp-json\/wp\/v2\/pages"}],"about":[{"href":"https:\/\/reparamiweb.com\/es\/wp-json\/wp\/v2\/types\/page"}],"author":[{"embeddable":true,"href":"https:\/\/reparamiweb.com\/es\/wp-json\/wp\/v2\/users\/1"}],"replies":[{"embeddable":true,"href":"https:\/\/reparamiweb.com\/es\/wp-json\/wp\/v2\/comments?post=617"}],"version-history":[{"count":7,"href":"https:\/\/reparamiweb.com\/es\/wp-json\/wp\/v2\/pages\/617\/revisions"}],"predecessor-version":[{"id":4807,"href":"https:\/\/reparamiweb.com\/es\/wp-json\/wp\/v2\/pages\/617\/revisions\/4807"}],"wp:attachment":[{"href":"https:\/\/reparamiweb.com\/es\/wp-json\/wp\/v2\/media?parent=617"}],"curies":[{"name":"wp","href":"https:\/\/api.w.org\/{rel}","templated":true}]}}