{"id":638,"date":"2024-07-15T17:22:58","date_gmt":"2024-07-15T15:22:58","guid":{"rendered":"https:\/\/beta.reparamiweb.com\/ar\/?page_id=638"},"modified":"2025-08-13T14:25:17","modified_gmt":"2025-08-13T12:25:17","slug":"nosotros","status":"publish","type":"page","link":"https:\/\/reparamiweb.com\/ar\/nosotros\/","title":{"rendered":"Nosotros"},"content":{"rendered":"<div id='av_section_1'  class='avia-section av-lyn55e86-037ddf5143d2a80afdb410a661a3396d main_color avia-section-default avia-no-border-styling  avia-builder-el-0  el_before_av_section  avia-builder-el-first  avia-bg-style-scroll container_wrap fullsize'  ><div class='container av-section-cont-open' ><main  role=\"main\" itemprop=\"mainContentOfPage\"  class='template-page content  av-content-full alpha units'><div class='post-entry post-entry-type-page post-entry-638'><div class='entry-content-wrapper clearfix'>\n<div class='flex_column_table av-t282m-e06bdbb8738254cc041214769123808c sc-av_one_full av-equal-height-column-flextable'>\n<style type=\"text\/css\" data-created_by=\"avia_inline_auto\" id=\"style-css-av-t282m-e06bdbb8738254cc041214769123808c\">\n.flex_column.av-t282m-e06bdbb8738254cc041214769123808c{\npadding:0 19% 0 19%;\n}\n\n@media only screen and (min-width: 990px){ \n.flex_column.av-t282m-e06bdbb8738254cc041214769123808c{\npadding:0 19% 0 19%;\n}\n}\n\n@media only screen and (min-width: 768px) and (max-width: 989px){ \n.flex_column.av-t282m-e06bdbb8738254cc041214769123808c{\npadding:0 19% 0 19%;\n}\n}\n\n@media only screen and (min-width: 480px) and (max-width: 767px){ \n.flex_column.av-t282m-e06bdbb8738254cc041214769123808c{\npadding:0 0 0 0;\n}\n}\n\n@media only screen and (max-width: 479px){ \n.flex_column.av-t282m-e06bdbb8738254cc041214769123808c{\npadding:0 0 0 0;\n}\n}\n<\/style>\n<div class='flex_column av-t282m-e06bdbb8738254cc041214769123808c av_one_full  avia-builder-el-1  avia-builder-el-no-sibling  first flex_column_table_cell av-equal-height-column av-align-top '     ><p>\n<style type=\"text\/css\" data-created_by=\"avia_inline_auto\" id=\"style-css-av-lyn53fi5-c98798896d4d7c0a737fa6e816a81e79\">\n#top .av-special-heading.av-lyn53fi5-c98798896d4d7c0a737fa6e816a81e79{\npadding-bottom:10px;\nfont-size:60px;\n}\nbody .av-special-heading.av-lyn53fi5-c98798896d4d7c0a737fa6e816a81e79 .av-special-heading-tag .heading-char{\nfont-size:25px;\n}\n#top #wrap_all .av-special-heading.av-lyn53fi5-c98798896d4d7c0a737fa6e816a81e79 .av-special-heading-tag{\nfont-size:60px;\n}\n.av-special-heading.av-lyn53fi5-c98798896d4d7c0a737fa6e816a81e79 .av-subheading{\nfont-size:15px;\n}\n\n@media only screen and (min-width: 480px) and (max-width: 767px){ \n#top #wrap_all .av-special-heading.av-lyn53fi5-c98798896d4d7c0a737fa6e816a81e79 .av-special-heading-tag{\nfont-size:0.8em;\n}\n}\n\n@media only screen and (max-width: 479px){ \n#top #wrap_all .av-special-heading.av-lyn53fi5-c98798896d4d7c0a737fa6e816a81e79 .av-special-heading-tag{\nfont-size:0.8em;\n}\n}\n<\/style>\n<div  class='av-special-heading av-lyn53fi5-c98798896d4d7c0a737fa6e816a81e79 av-special-heading-h1 blockquote modern-quote modern-centered  avia-builder-el-2  el_before_av_codeblock  avia-builder-el-first  av-inherit-size'><h1 class='av-special-heading-tag'  itemprop=\"headline\"  >Somos especialistas en soporte WordPress en Colombia<\/h1><div class=\"special-heading-border\"><div class=\"special-heading-inner-border\"><\/div><\/div><\/div><br \/>\n<\/p><\/div><\/div><!--close column table wrapper. Autoclose: 1 --><\/div><\/div><\/main><!-- close content main element --><\/div><\/div><div id='av_section_2'  class='avia-section av-lyn51d7i-cdd2907a38b6905229b4567b090b56c8 main_color avia-section-no-padding avia-no-border-styling  avia-builder-el-4  el_after_av_section  avia-builder-el-last  avia-bg-style-scroll container_wrap fullsize'  ><div class='container av-section-cont-open' ><div class='template-page content  av-content-full alpha units'><div class='post-entry post-entry-type-page post-entry-638'><div class='entry-content-wrapper clearfix'>\n<div class='flex_column av-1x9jq-50c1942032535cb81cd5cdd0aee9a9a8 av_one_fifth  avia-builder-el-5  el_before_av_three_fifth  avia-builder-el-first  first flex_column_div '     ><\/div><div class='flex_column av-fxaly-edff7f72235034bff70db6f97092a6de av_three_fifth  avia-builder-el-6  el_after_av_one_fifth  el_before_av_one_fifth  flex_column_div '     ><p>\n<style type=\"text\/css\" data-created_by=\"avia_inline_auto\" id=\"style-css-av-lyn4x8i6-bb81aace441a3b6b254b60d82a7883c9\">\n#top .av-special-heading.av-lyn4x8i6-bb81aace441a3b6b254b60d82a7883c9{\npadding-bottom:10px;\n}\nbody .av-special-heading.av-lyn4x8i6-bb81aace441a3b6b254b60d82a7883c9 .av-special-heading-tag .heading-char{\nfont-size:25px;\n}\n.av-special-heading.av-lyn4x8i6-bb81aace441a3b6b254b60d82a7883c9 .av-subheading{\nfont-size:15px;\n}\n<\/style>\n<div  class='av-special-heading av-lyn4x8i6-bb81aace441a3b6b254b60d82a7883c9 av-special-heading-h2 blockquote modern-quote modern-centered  avia-builder-el-7  el_before_av_textblock  avia-builder-el-first '><h2 class='av-special-heading-tag'  itemprop=\"headline\"  >Qui\u00e9nes somos<\/h2><div class=\"special-heading-border\"><div class=\"special-heading-inner-border\"><\/div><\/div><\/div><br \/>\n<section  class='av_textblock_section av-lyn4yasu-b354109bc0df56a76d2012f6304fd656'  itemscope=\"itemscope\" itemtype=\"https:\/\/schema.org\/CreativeWork\" ><div class='avia_textblock'  itemprop=\"text\" ><p>Hace unos a\u00f1os, un grupo de amigos apasionados por la tecnolog\u00eda y el dise\u00f1o web, nos dimos cuenta de un problema com\u00fan: muchas empresas, grandes y peque\u00f1as, ten\u00edan dificultades para mantener sus sitios WordPress funcionando de manera eficiente. A menudo carec\u00edan del soporte t\u00e9cnico necesario y se ve\u00edan abrumadas por contratos complicados y precios elevados y confusos. Fue entonces cuando decidimos que algo deb\u00eda cambiar.<\/p>\n<p>As\u00ed naci\u00f3 ReparaMiWeb como una empresa de soporte t\u00e9cnico para WordPress. Con el compromiso firme de proporcionar un servicio r\u00e1pido, confiable y sin ataduras, nos propusimos ayudar a estas empresas, que como nosotros, quer\u00edan prosperar en el mundo digital. No solo quer\u00edamos solucionar problemas t\u00e9cnicos, sino tambi\u00e9n empoderar a nuestros clientes con el conocimiento y las herramientas necesarias para gestionar sus propios sitios. Creemos firmemente que educar a nuestros clientes en WordPress es tan importante como proporcionarles soporte t\u00e9cnico.<\/p>\n<\/div><\/section><br \/>\n\n<style type=\"text\/css\" data-created_by=\"avia_inline_auto\" id=\"style-css-av-lyn5c0ly-46b5562c552e12088f2ecae3daf082cd\">\n#top .av-special-heading.av-lyn5c0ly-46b5562c552e12088f2ecae3daf082cd{\npadding-bottom:10px;\n}\nbody .av-special-heading.av-lyn5c0ly-46b5562c552e12088f2ecae3daf082cd .av-special-heading-tag .heading-char{\nfont-size:25px;\n}\n.av-special-heading.av-lyn5c0ly-46b5562c552e12088f2ecae3daf082cd .av-subheading{\nfont-size:15px;\n}\n<\/style>\n<div  class='av-special-heading av-lyn5c0ly-46b5562c552e12088f2ecae3daf082cd av-special-heading-h2 blockquote modern-quote modern-centered  avia-builder-el-9  el_after_av_textblock  el_before_av_textblock '><h2 class='av-special-heading-tag'  itemprop=\"headline\"  >C\u00f3mo trabajamos<\/h2><div class=\"special-heading-border\"><div class=\"special-heading-inner-border\"><\/div><\/div><\/div><br \/>\n<section  class='av_textblock_section av-lyn5c7ar-17ccd4595182c697e3bb59196eba2e49'  itemscope=\"itemscope\" itemtype=\"https:\/\/schema.org\/CreativeWork\" ><div class='avia_textblock'  itemprop=\"text\" ><p>Nuestra metodolog\u00eda es sencilla, pero efectiva, enfocada en proporcionar un soporte t\u00e9cnico accesible y transparente. Desde el primer d\u00eda, nos comprometimos a eliminar la complejidad de los contratos y a ofrecer precios claros y asequibles. Cada vez que un cliente se pone en contacto con nosotros, abrimos un ticket y evaluamos el problema de manera r\u00e1pida y eficiente.<\/p>\n<p>Entendemos que el tiempo es crucial, especialmente para peque\u00f1os negocios y emprendedores. Por eso, nos enorgullece ofrecer soluciones r\u00e1pidas, garantizando que los sitios de nuestros clientes vuelvan a estar en pleno funcionamiento sin demoras. Nuestra transparencia en los precios asegura que no haya sorpresas desagradables; siempre sabr\u00e1s exactamente cu\u00e1nto costar\u00e1 el servicio antes de que comencemos a trabajar.<\/p>\n<p>En cada paso del camino, nuestra misi\u00f3n es clara: proporcionar soporte t\u00e9cnico r\u00e1pido y confiable, sin contratos complicados y con precios transparentes, mientras educamos a nuestros clientes para que puedan sacar el m\u00e1ximo provecho de sus sitios WordPress. Esta es nuestra historia, y esperamos que te unas a nosotros en este viaje hacia un mundo digital m\u00e1s accesible y eficiente.<\/p>\n<p>Nuestro compromiso es sencillo: ser el soporte t\u00e9cnico en el que puedes confiar, para que t\u00fa puedas centrarte en lo que realmente importa: hacer crecer tu negocio.<\/p>\n<\/div><\/section><br \/>\n\n<style type=\"text\/css\" data-created_by=\"avia_inline_auto\" id=\"style-css-av-lyn5g8l6-75aa8d2da5e5f1122dac677afd30abba\">\n#top .hr.hr-invisible.av-lyn5g8l6-75aa8d2da5e5f1122dac677afd30abba{\nheight:50px;\n}\n<\/style>\n<div  class='hr av-lyn5g8l6-75aa8d2da5e5f1122dac677afd30abba hr-invisible  avia-builder-el-11  el_after_av_textblock  avia-builder-el-last '><span class='hr-inner '><span class=\"hr-inner-style\"><\/span><\/span><\/div><\/p><\/div><div class='flex_column av-96rwe-f7776294d7e8952dedb6b97b235b2e1d av_one_fifth  avia-builder-el-12  el_after_av_three_fifth  avia-builder-el-last  flex_column_div '     ><\/div>\n<\/p>\n","protected":false},"excerpt":{"rendered":"","protected":false},"author":1,"featured_media":0,"parent":0,"menu_order":0,"comment_status":"closed","ping_status":"closed","template":"","meta":{"footnotes":""},"class_list":["post-638","page","type-page","status-publish","hentry"],"yoast_head":"<!-- This site is optimized with the Yoast SEO plugin v27.0 - https:\/\/yoast.com\/product\/yoast-seo-wordpress\/ -->\n<title>Sobre Nosotros: Soporte WordPress \u00e1gil y confiable en Colombia - ReparaMiWeb Argentina<\/title>\n<meta name=\"description\" content=\"Somos un equipo colombiano apasionado por WordPress. Ofrecemos soporte t\u00e9cnico r\u00e1pido, claro y sin contratos. Con\u00f3cenos y descubre c\u00f3mo podemos ayudarte!\" \/>\n<meta name=\"robots\" content=\"index, follow, max-snippet:-1, max-image-preview:large, max-video-preview:-1\" \/>\n<link rel=\"canonical\" href=\"https:\/\/reparamiweb.com\/ar\/nosotros\/\" \/>\n<meta property=\"og:locale\" content=\"es_ES\" \/>\n<meta property=\"og:type\" content=\"article\" \/>\n<meta property=\"og:title\" content=\"Sobre Nosotros: Soporte WordPress \u00e1gil y confiable en Colombia - ReparaMiWeb Argentina\" \/>\n<meta property=\"og:description\" content=\"Somos un equipo colombiano apasionado por WordPress. Ofrecemos soporte t\u00e9cnico r\u00e1pido, claro y sin contratos. Con\u00f3cenos y descubre c\u00f3mo podemos ayudarte!\" \/>\n<meta property=\"og:url\" content=\"https:\/\/reparamiweb.com\/ar\/nosotros\/\" \/>\n<meta property=\"og:site_name\" content=\"ReparaMiWeb Argentina\" \/>\n<meta property=\"article:modified_time\" content=\"2025-08-13T12:25:17+00:00\" \/>\n<meta property=\"og:image\" content=\"https:\/\/reparamiweb.com\/ar\/wp-content\/uploads\/sites\/10\/2024\/07\/og-1.jpg\" \/>\n\t<meta property=\"og:image:width\" content=\"1200\" \/>\n\t<meta property=\"og:image:height\" content=\"630\" \/>\n\t<meta property=\"og:image:type\" content=\"image\/jpeg\" \/>\n<meta name=\"twitter:card\" content=\"summary_large_image\" \/>\n<meta name=\"twitter:label1\" content=\"Tiempo de lectura\" \/>\n\t<meta name=\"twitter:data1\" content=\"2 minutos\" \/>\n<script type=\"application\/ld+json\" class=\"yoast-schema-graph\">{\"@context\":\"https:\/\/schema.org\",\"@graph\":[{\"@type\":\"WebPage\",\"@id\":\"https:\/\/reparamiweb.com\/ar\/nosotros\/\",\"url\":\"https:\/\/reparamiweb.com\/ar\/nosotros\/\",\"name\":\"Sobre Nosotros: Soporte WordPress \u00e1gil y confiable en Colombia - ReparaMiWeb Argentina\",\"isPartOf\":{\"@id\":\"https:\/\/reparamiweb.com\/ar\/#website\"},\"datePublished\":\"2024-07-15T15:22:58+00:00\",\"dateModified\":\"2025-08-13T12:25:17+00:00\",\"description\":\"Somos un equipo colombiano apasionado por WordPress. Ofrecemos soporte t\u00e9cnico r\u00e1pido, claro y sin contratos. Con\u00f3cenos y descubre c\u00f3mo podemos ayudarte!\",\"breadcrumb\":{\"@id\":\"https:\/\/reparamiweb.com\/ar\/nosotros\/#breadcrumb\"},\"inLanguage\":\"es-AR\",\"potentialAction\":[{\"@type\":\"ReadAction\",\"target\":[\"https:\/\/reparamiweb.com\/ar\/nosotros\/\"]}]},{\"@type\":\"BreadcrumbList\",\"@id\":\"https:\/\/reparamiweb.com\/ar\/nosotros\/#breadcrumb\",\"itemListElement\":[{\"@type\":\"ListItem\",\"position\":1,\"name\":\"Portada\",\"item\":\"https:\/\/reparamiweb.com\/ar\/home\/\"},{\"@type\":\"ListItem\",\"position\":2,\"name\":\"Nosotros\"}]},{\"@type\":\"WebSite\",\"@id\":\"https:\/\/reparamiweb.com\/ar\/#website\",\"url\":\"https:\/\/reparamiweb.com\/ar\/\",\"name\":\"ReparaMiWeb Colombia\",\"description\":\"Soporte t\u00e9cnico para WordPress en Argentina\",\"publisher\":{\"@id\":\"https:\/\/reparamiweb.com\/ar\/#organization\"},\"potentialAction\":[{\"@type\":\"SearchAction\",\"target\":{\"@type\":\"EntryPoint\",\"urlTemplate\":\"https:\/\/reparamiweb.com\/ar\/?s={search_term_string}\"},\"query-input\":{\"@type\":\"PropertyValueSpecification\",\"valueRequired\":true,\"valueName\":\"search_term_string\"}}],\"inLanguage\":\"es-AR\"},{\"@type\":\"Organization\",\"@id\":\"https:\/\/reparamiweb.com\/ar\/#organization\",\"name\":\"ReparaMiWeb Argentina\",\"url\":\"https:\/\/reparamiweb.com\/ar\/\",\"logo\":{\"@type\":\"ImageObject\",\"inLanguage\":\"es-AR\",\"@id\":\"https:\/\/reparamiweb.com\/ar\/#\/schema\/logo\/image\/\",\"url\":\"https:\/\/reparamiweb.com\/ar\/wp-content\/uploads\/sites\/10\/2024\/07\/logo-rmw-1.png\",\"contentUrl\":\"https:\/\/reparamiweb.com\/ar\/wp-content\/uploads\/sites\/10\/2024\/07\/logo-rmw-1.png\",\"width\":1800,\"height\":215,\"caption\":\"ReparaMiWeb Argentina\"},\"image\":{\"@id\":\"https:\/\/reparamiweb.com\/ar\/#\/schema\/logo\/image\/\"}}]}<\/script>\n<!-- \/ Yoast SEO plugin. -->","yoast_head_json":{"title":"Sobre Nosotros: Soporte WordPress \u00e1gil y confiable en Colombia - ReparaMiWeb Argentina","description":"Somos un equipo colombiano apasionado por WordPress. Ofrecemos soporte t\u00e9cnico r\u00e1pido, claro y sin contratos. Con\u00f3cenos y descubre c\u00f3mo podemos ayudarte!","robots":{"index":"index","follow":"follow","max-snippet":"max-snippet:-1","max-image-preview":"max-image-preview:large","max-video-preview":"max-video-preview:-1"},"canonical":"https:\/\/reparamiweb.com\/ar\/nosotros\/","og_locale":"es_ES","og_type":"article","og_title":"Sobre Nosotros: Soporte WordPress \u00e1gil y confiable en Colombia - ReparaMiWeb Argentina","og_description":"Somos un equipo colombiano apasionado por WordPress. Ofrecemos soporte t\u00e9cnico r\u00e1pido, claro y sin contratos. Con\u00f3cenos y descubre c\u00f3mo podemos ayudarte!","og_url":"https:\/\/reparamiweb.com\/ar\/nosotros\/","og_site_name":"ReparaMiWeb Argentina","article_modified_time":"2025-08-13T12:25:17+00:00","og_image":[{"width":1200,"height":630,"url":"https:\/\/reparamiweb.com\/ar\/wp-content\/uploads\/sites\/10\/2024\/07\/og-1.jpg","type":"image\/jpeg"}],"twitter_card":"summary_large_image","twitter_misc":{"Tiempo de lectura":"2 minutos"},"schema":{"@context":"https:\/\/schema.org","@graph":[{"@type":"WebPage","@id":"https:\/\/reparamiweb.com\/ar\/nosotros\/","url":"https:\/\/reparamiweb.com\/ar\/nosotros\/","name":"Sobre Nosotros: Soporte WordPress \u00e1gil y confiable en Colombia - ReparaMiWeb Argentina","isPartOf":{"@id":"https:\/\/reparamiweb.com\/ar\/#website"},"datePublished":"2024-07-15T15:22:58+00:00","dateModified":"2025-08-13T12:25:17+00:00","description":"Somos un equipo colombiano apasionado por WordPress. Ofrecemos soporte t\u00e9cnico r\u00e1pido, claro y sin contratos. Con\u00f3cenos y descubre c\u00f3mo podemos ayudarte!","breadcrumb":{"@id":"https:\/\/reparamiweb.com\/ar\/nosotros\/#breadcrumb"},"inLanguage":"es-AR","potentialAction":[{"@type":"ReadAction","target":["https:\/\/reparamiweb.com\/ar\/nosotros\/"]}]},{"@type":"BreadcrumbList","@id":"https:\/\/reparamiweb.com\/ar\/nosotros\/#breadcrumb","itemListElement":[{"@type":"ListItem","position":1,"name":"Portada","item":"https:\/\/reparamiweb.com\/ar\/home\/"},{"@type":"ListItem","position":2,"name":"Nosotros"}]},{"@type":"WebSite","@id":"https:\/\/reparamiweb.com\/ar\/#website","url":"https:\/\/reparamiweb.com\/ar\/","name":"ReparaMiWeb Colombia","description":"Soporte t\u00e9cnico para WordPress en Argentina","publisher":{"@id":"https:\/\/reparamiweb.com\/ar\/#organization"},"potentialAction":[{"@type":"SearchAction","target":{"@type":"EntryPoint","urlTemplate":"https:\/\/reparamiweb.com\/ar\/?s={search_term_string}"},"query-input":{"@type":"PropertyValueSpecification","valueRequired":true,"valueName":"search_term_string"}}],"inLanguage":"es-AR"},{"@type":"Organization","@id":"https:\/\/reparamiweb.com\/ar\/#organization","name":"ReparaMiWeb Argentina","url":"https:\/\/reparamiweb.com\/ar\/","logo":{"@type":"ImageObject","inLanguage":"es-AR","@id":"https:\/\/reparamiweb.com\/ar\/#\/schema\/logo\/image\/","url":"https:\/\/reparamiweb.com\/ar\/wp-content\/uploads\/sites\/10\/2024\/07\/logo-rmw-1.png","contentUrl":"https:\/\/reparamiweb.com\/ar\/wp-content\/uploads\/sites\/10\/2024\/07\/logo-rmw-1.png","width":1800,"height":215,"caption":"ReparaMiWeb Argentina"},"image":{"@id":"https:\/\/reparamiweb.com\/ar\/#\/schema\/logo\/image\/"}}]}},"_links":{"self":[{"href":"https:\/\/reparamiweb.com\/ar\/wp-json\/wp\/v2\/pages\/638","targetHints":{"allow":["GET"]}}],"collection":[{"href":"https:\/\/reparamiweb.com\/ar\/wp-json\/wp\/v2\/pages"}],"about":[{"href":"https:\/\/reparamiweb.com\/ar\/wp-json\/wp\/v2\/types\/page"}],"author":[{"embeddable":true,"href":"https:\/\/reparamiweb.com\/ar\/wp-json\/wp\/v2\/users\/1"}],"replies":[{"embeddable":true,"href":"https:\/\/reparamiweb.com\/ar\/wp-json\/wp\/v2\/comments?post=638"}],"version-history":[{"count":19,"href":"https:\/\/reparamiweb.com\/ar\/wp-json\/wp\/v2\/pages\/638\/revisions"}],"predecessor-version":[{"id":4232,"href":"https:\/\/reparamiweb.com\/ar\/wp-json\/wp\/v2\/pages\/638\/revisions\/4232"}],"wp:attachment":[{"href":"https:\/\/reparamiweb.com\/ar\/wp-json\/wp\/v2\/media?parent=638"}],"curies":[{"name":"wp","href":"https:\/\/api.w.org\/{rel}","templated":true}]}}